{"id":145,"date":"2025-03-14T15:00:11","date_gmt":"2025-03-14T12:00:11","guid":{"rendered":"https:\/\/www.borkesici.com.tr\/?page_id=145"},"modified":"2025-03-26T13:34:45","modified_gmt":"2025-03-26T10:34:45","slug":"kalite-politikamiz","status":"publish","type":"page","link":"https:\/\/www.borkesici.com.tr\/?page_id=145","title":{"rendered":"Kalite Politikam\u0131z"},"content":{"rendered":"<div class=\"wp-block-cover alignfull\" style=\"min-height:320px;aspect-ratio:unset;\"><span aria-hidden=\"true\" class=\"wp-block-cover__background has-nv-site-bg-background-color has-background-dim-100 has-background-dim\"><\/span><div class=\"wp-block-cover__inner-container is-layout-flow wp-block-cover-is-layout-flow\"><div class=\"wp-block-group\" style=\"padding-right:var(--wp--preset--spacing--30);padding-left:var(--wp--preset--spacing--30)\"><div class=\"wp-block-group__inner-container is-layout-flow wp-block-group-is-layout-flow\"><h1 class=\"wp-block-heading has-text-align-left has-neve-text-color-color has-text-color\">Kalite Politikam\u0131z<\/h1><\/div><\/div><\/div><\/div><div class=\"wp-block-cover alignfull\" style=\"min-height:600px;aspect-ratio:unset;\"><span aria-hidden=\"true\" class=\"wp-block-cover__background has-nv-light-bg-background-color has-background-dim-100 has-background-dim\"><\/span><div class=\"wp-block-cover__inner-container is-layout-flow wp-block-cover-is-layout-flow\"><div class=\"wp-block-group\"><div class=\"wp-block-group__inner-container is-layout-flow wp-block-group-is-layout-flow\"><figure class=\"wp-block-image size-large is-resized is-style-rounded wp-duotone-unset-1\"><img fetchpriority=\"high\" decoding=\"async\" width=\"1024\" height=\"388\" src=\"https:\/\/www.borkesici.com.tr\/wp-content\/uploads\/2025\/03\/kalite-politikamiz-1024x388.jpg\" alt=\"\" class=\"wp-image-208\" style=\"width:1170px;height:auto\" srcset=\"https:\/\/www.borkesici.com.tr\/wp-content\/uploads\/2025\/03\/kalite-politikamiz-1024x388.jpg 1024w, https:\/\/www.borkesici.com.tr\/wp-content\/uploads\/2025\/03\/kalite-politikamiz-600x227.jpg 600w, https:\/\/www.borkesici.com.tr\/wp-content\/uploads\/2025\/03\/kalite-politikamiz-300x114.jpg 300w, https:\/\/www.borkesici.com.tr\/wp-content\/uploads\/2025\/03\/kalite-politikamiz-768x291.jpg 768w, https:\/\/www.borkesici.com.tr\/wp-content\/uploads\/2025\/03\/kalite-politikamiz-1536x582.jpg 1536w, https:\/\/www.borkesici.com.tr\/wp-content\/uploads\/2025\/03\/kalite-politikamiz.jpg 1574w\" sizes=\"(max-width: 1024px) 100vw, 1024px\" \/><\/figure>\n\n<div style=\"height:80px\" aria-hidden=\"true\" class=\"wp-block-spacer\"><\/div>\n\n<div class=\"wp-block-columns are-vertically-aligned-center has-neve-text-color-color has-text-color is-layout-flex wp-container-core-columns-is-layout-9d6595d7 wp-block-columns-is-layout-flex\"><div class=\"wp-block-column is-vertically-aligned-center is-layout-flow wp-block-column-is-layout-flow\" style=\"padding-top:0;padding-right:var(--wp--preset--spacing--30);padding-bottom:0;padding-left:var(--wp--preset--spacing--30);flex-basis:100%\"><h2 class=\"wp-block-heading has-neve-text-color-color has-text-color\">M\u00fckemmeli\u011fi Standart Haline Getirmek<\/h2>\n\n<p class=\"has-neve-text-color-color has-text-color\"><em>Temel \u0130lkelerimiz:<\/em><br>\u2705 <em>ISO Standartlar\u0131 ile Uyum:<\/em> \u00dcretim s\u00fcre\u00e7lerimiz uluslararas\u0131 kalite y\u00f6netim sistemleri (ISO 9001) ile entegre \u00e7al\u0131\u015f\u0131r.<br>\u2705 <em>M\u00fc\u015fteri Odakl\u0131l\u0131k:<\/em> \u0130htiya\u00e7lar\u0131n\u0131za \u00f6zel \u00e7\u00f6z\u00fcmler \u00fcretmek i\u00e7in s\u00fcrekli geri bildirim al\u0131r ve proseslerimizi iyile\u015ftiririz.<br>\u2705 <em>S\u00fcrd\u00fcr\u00fclebilir Kalite:<\/em> \u00c7evreye duyarl\u0131 malzemeler ve enerji verimlili\u011fi y\u00fcksek \u00fcretim teknikleri kullan\u0131r\u0131z.<br>\u2705 M\u00fc\u015fteri geri bildirimlerinde de\u011ferlendirme var ise; olas\u0131 hatalar\u0131n tekrarlanmamas\u0131 i\u00e7in \u00f6nleyici tedbirleri al\u0131yoruz.<br>\u00dcr\u00fcn izlenebilirli\u011fi ile geriye d\u00f6n\u00fck t\u00fcm proses ve kontrollerin garanti alt\u0131na\u00a0al\u0131yoruz.<\/p>\n\n<p><em>Taahh\u00fctlerimiz:<\/em><br>\ud83d\udd39 T\u00fcm \u00fcr\u00fcnlerde <em>&#8220;s\u0131f\u0131r hata&#8221;<\/em> prensibiyle hareket ediyoruz.<br>\ud83d\udd39 Tedarik\u00e7ilerimizi kalite politikam\u0131za uyumlu olacak \u015fekilde se\u00e7iyor ve denetliyoruz.<br>\ud83d\udd39 \u00c7al\u0131\u015fanlar\u0131m\u0131za d\u00fczenli e\u011fitimlerle <em>&#8220;kalite bilinci&#8221;<\/em> a\u015f\u0131l\u0131yoruz.<\/p>\n\n<p class=\"has-neve-text-color-color has-text-color\">&#8220;Kalite, bizim i\u00e7in bir sonu\u00e7 de\u011fil, s\u00fcrekli devam eden bir yolculuktur.&#8221;<\/p>\n\n<p><\/p><\/div><\/div>\n\n<div style=\"height:40px\" aria-hidden=\"true\" class=\"wp-block-spacer\"><\/div><\/div><\/div><\/div><\/div><p><\/p>","protected":false},"excerpt":{"rendered":"","protected":false},"author":1,"featured_media":90,"parent":0,"menu_order":0,"comment_status":"closed","ping_status":"closed","template":"","meta":{"neve_meta_sidebar":"","neve_meta_container":"","neve_meta_enable_content_width":"on","neve_meta_content_width":100,"neve_meta_title_alignment":"","neve_meta_author_avatar":"","neve_post_elements_order":"","neve_meta_disable_header":"","neve_meta_disable_footer":"","neve_meta_disable_title":"on","footnotes":""},"class_list":["post-145","page","type-page","status-publish","has-post-thumbnail","hentry"],"_links":{"self":[{"href":"https:\/\/www.borkesici.com.tr\/index.php?rest_route=\/wp\/v2\/pages\/145","targetHints":{"allow":["GET"]}}],"collection":[{"href":"https:\/\/www.borkesici.com.tr\/index.php?rest_route=\/wp\/v2\/pages"}],"about":[{"href":"https:\/\/www.borkesici.com.tr\/index.php?rest_route=\/wp\/v2\/types\/page"}],"author":[{"embeddable":true,"href":"https:\/\/www.borkesici.com.tr\/index.php?rest_route=\/wp\/v2\/users\/1"}],"replies":[{"embeddable":true,"href":"https:\/\/www.borkesici.com.tr\/index.php?rest_route=%2Fwp%2Fv2%2Fcomments&post=145"}],"version-history":[{"count":0,"href":"https:\/\/www.borkesici.com.tr\/index.php?rest_route=\/wp\/v2\/pages\/145\/revisions"}],"wp:featuredmedia":[{"embeddable":true,"href":"https:\/\/www.borkesici.com.tr\/index.php?rest_route=\/wp\/v2\/media\/90"}],"wp:attachment":[{"href":"https:\/\/www.borkesici.com.tr\/index.php?rest_route=%2Fwp%2Fv2%2Fmedia&parent=145"}],"curies":[{"name":"wp","href":"https:\/\/api.w.org\/{rel}","templated":true}]}}