{"id":148,"date":"2025-03-14T15:03:37","date_gmt":"2025-03-14T12:03:37","guid":{"rendered":"https:\/\/www.borkesici.com.tr\/?page_id=148"},"modified":"2025-03-26T13:37:38","modified_gmt":"2025-03-26T10:37:38","slug":"kurum-kulturu","status":"publish","type":"page","link":"https:\/\/www.borkesici.com.tr\/?page_id=148","title":{"rendered":"Kurum K\u00fclt\u00fcr\u00fcm\u00fcz"},"content":{"rendered":"<div class=\"wp-block-cover alignfull\" style=\"min-height:320px;aspect-ratio:unset;\"><span aria-hidden=\"true\" class=\"wp-block-cover__background has-nv-site-bg-background-color has-background-dim-100 has-background-dim\"><\/span><div class=\"wp-block-cover__inner-container is-layout-flow wp-block-cover-is-layout-flow\"><div class=\"wp-block-group\" style=\"padding-right:var(--wp--preset--spacing--30);padding-left:var(--wp--preset--spacing--30)\"><div class=\"wp-block-group__inner-container is-layout-flow wp-block-group-is-layout-flow\"><h1 class=\"wp-block-heading has-text-align-left has-neve-text-color-color has-text-color\">Kurum K\u00fclt\u00fcr\u00fcm\u00fcz<\/h1><\/div><\/div><\/div><\/div><div class=\"wp-block-cover alignfull\" style=\"min-height:600px;aspect-ratio:unset;\"><span aria-hidden=\"true\" class=\"wp-block-cover__background has-nv-light-bg-background-color has-background-dim-100 has-background-dim\"><\/span><div class=\"wp-block-cover__inner-container is-layout-flow wp-block-cover-is-layout-flow\"><div class=\"wp-block-group\"><div class=\"wp-block-group__inner-container is-layout-flow wp-block-group-is-layout-flow\"><figure class=\"wp-block-image size-large is-resized is-style-rounded\"><img fetchpriority=\"high\" decoding=\"async\" width=\"1024\" height=\"388\" src=\"https:\/\/www.borkesici.com.tr\/wp-content\/uploads\/2025\/03\/KURUM-KULTURU-1024x388.jpg\" alt=\"\" class=\"wp-image-149\" style=\"width:1170px;height:auto\" srcset=\"https:\/\/www.borkesici.com.tr\/wp-content\/uploads\/2025\/03\/KURUM-KULTURU-1024x388.jpg 1024w, https:\/\/www.borkesici.com.tr\/wp-content\/uploads\/2025\/03\/KURUM-KULTURU-600x227.jpg 600w, https:\/\/www.borkesici.com.tr\/wp-content\/uploads\/2025\/03\/KURUM-KULTURU-300x114.jpg 300w, https:\/\/www.borkesici.com.tr\/wp-content\/uploads\/2025\/03\/KURUM-KULTURU-768x291.jpg 768w, https:\/\/www.borkesici.com.tr\/wp-content\/uploads\/2025\/03\/KURUM-KULTURU-1536x582.jpg 1536w, https:\/\/www.borkesici.com.tr\/wp-content\/uploads\/2025\/03\/KURUM-KULTURU.jpg 1574w\" sizes=\"(max-width: 1024px) 100vw, 1024px\" \/><\/figure>\n\n<div style=\"height:80px\" aria-hidden=\"true\" class=\"wp-block-spacer\"><\/div>\n\n<div class=\"wp-block-columns are-vertically-aligned-center has-neve-text-color-color has-text-color is-layout-flex wp-container-core-columns-is-layout-9d6595d7 wp-block-columns-is-layout-flex\"><div class=\"wp-block-column is-vertically-aligned-center is-layout-flow wp-block-column-is-layout-flow\" style=\"padding-top:0;padding-right:var(--wp--preset--spacing--30);padding-bottom:0;padding-left:var(--wp--preset--spacing--30);flex-basis:100%\"><h2 class=\"wp-block-heading has-neve-text-color-color has-text-color\">\u0130nsan\u0131 ve \u0130novasyonu Merkeze Alan Bir Aile<\/h2>\n\n<p class=\"has-neve-text-color-color has-text-color\">BOR KES\u0130C\u0130 Tak\u0131m olarak, yenilik\u00e7i ve s\u00fcrd\u00fcr\u00fclebilir \u00e7\u00f6z\u00fcmler \u00fcretme hedefimize ula\u015f\u0131rken, g\u00fc\u00e7l\u00fc bir kurum k\u00fclt\u00fcr\u00fc olu\u015fturmay\u0131 en \u00f6nemli de\u011ferlerimizden biri olarak g\u00f6r\u00fcyoruz. \u00c7al\u0131\u015fanlar\u0131m\u0131z, m\u00fc\u015fterilerimiz ve i\u015f ortaklar\u0131m\u0131zla birlikte, g\u00fcvene dayal\u0131, s\u00fcrekli geli\u015fimi destekleyen ve etik de\u011ferlere ba\u011fl\u0131 bir i\u015f ortam\u0131 olu\u015fturuyoruz.<\/p>\n\n<p>Kurumsal K\u00fclt\u00fcr\u00fcm\u00fcz\u00fcn Temel \u0130lkeleri:<\/p>\n\n<p>\u2705 \u0130novasyon ve S\u00fcrekli Geli\u015fim: Teknolojiyi yak\u0131ndan takip eden ve Ar-Ge \u00e7al\u0131\u015fmalar\u0131na yat\u0131r\u0131m yapan bir anlay\u0131\u015fla, hem \u00fcretim s\u00fcre\u00e7lerimizi hem de \u00e7al\u0131\u015fanlar\u0131m\u0131z\u0131n yetkinliklerini s\u00fcrekli geli\u015ftiriyoruz.<\/p>\n\n<p>\u2705 Tak\u0131m \u00c7al\u0131\u015fmas\u0131 ve \u0130\u015f Birli\u011fi: Ba\u015far\u0131ya giden yolun g\u00fc\u00e7l\u00fc bir ekip ruhundan ge\u00e7ti\u011fine inan\u0131yor, \u00e7al\u0131\u015fanlar\u0131m\u0131z aras\u0131nda a\u00e7\u0131k ileti\u015fimi, dayan\u0131\u015fmay\u0131 ve payla\u015f\u0131mc\u0131 bir k\u00fclt\u00fcr\u00fc te\u015fvik ediyoruz.<\/p>\n\n<p>\u2705 Etik De\u011ferler ve G\u00fcven: D\u00fcr\u00fcstl\u00fck, adalet ve i\u015f eti\u011fi ilkeleri do\u011frultusunda hareket ederek, i\u015f ortaklar\u0131m\u0131z ve m\u00fc\u015fterilerimizle uzun vadeli g\u00fcvene dayal\u0131 ili\u015fkiler kuruyoruz.<\/p>\n\n<p>\u2705 \u00c7al\u0131\u015fan Mutlulu\u011fu ve Geli\u015fimi: \u0130nsan kayna\u011f\u0131m\u0131z en b\u00fcy\u00fck de\u011ferimizdir. \u00c7al\u0131\u015fanlar\u0131m\u0131z\u0131n mesleki geli\u015fimini desteklemek i\u00e7in s\u00fcrekli e\u011fitim programlar\u0131 sunuyor, onlar\u0131n sa\u011fl\u0131kl\u0131 ve mutlu bir \u00e7al\u0131\u015fma ortam\u0131nda olmalar\u0131na<br>\u00f6zen g\u00f6steriyoruz.<\/p>\n\n<p>\u2705 M\u00fc\u015fteri Odakl\u0131l\u0131k: M\u00fc\u015fteri beklentilerini a\u015fan kaliteli ve yenilik\u00e7i \u00e7\u00f6z\u00fcmler sunarak, onlar\u0131n \u00fcretim s\u00fcre\u00e7lerinde verimlilik ve rekabet avantaj\u0131 sa\u011flamalar\u0131na destek oluyoruz.<\/p>\n\n<p>\u2705 S\u00fcrd\u00fcr\u00fclebilirlik ve \u00c7evre Bilinci: \u00dcretim s\u00fcre\u00e7lerimizde verimlili\u011fi art\u0131r\u0131rken, \u00e7evreye duyarl\u0131 ve s\u00fcrd\u00fcr\u00fclebilir i\u015f modelleri geli\u015ftirmeyi sorumlulu\u011fumuz olarak g\u00f6r\u00fcyoruz.<\/p>\n\n<p class=\"has-neve-text-color-color has-text-color\">BOR KES\u0130C\u0130 Tak\u0131m olarak, k\u00f6kl\u00fc bilgi birikimimiz ve g\u00fc\u00e7l\u00fc kurum k\u00fclt\u00fcr\u00fcm\u00fczle sekt\u00f6re y\u00f6n vermeye, \u00e7al\u0131\u015fanlar\u0131m\u0131z ve m\u00fc\u015fterilerimizle birlikte b\u00fcy\u00fcmeye&nbsp;devam&nbsp;ediyoruz.<\/p><\/div><\/div>\n\n<div style=\"height:40px\" aria-hidden=\"true\" class=\"wp-block-spacer\"><\/div><\/div><\/div><\/div><\/div><p><\/p>","protected":false},"excerpt":{"rendered":"","protected":false},"author":1,"featured_media":90,"parent":0,"menu_order":0,"comment_status":"closed","ping_status":"closed","template":"","meta":{"neve_meta_sidebar":"","neve_meta_container":"","neve_meta_enable_content_width":"on","neve_meta_content_width":100,"neve_meta_title_alignment":"","neve_meta_author_avatar":"","neve_post_elements_order":"","neve_meta_disable_header":"","neve_meta_disable_footer":"","neve_meta_disable_title":"on","footnotes":""},"class_list":["post-148","page","type-page","status-publish","has-post-thumbnail","hentry"],"_links":{"self":[{"href":"https:\/\/www.borkesici.com.tr\/index.php?rest_route=\/wp\/v2\/pages\/148","targetHints":{"allow":["GET"]}}],"collection":[{"href":"https:\/\/www.borkesici.com.tr\/index.php?rest_route=\/wp\/v2\/pages"}],"about":[{"href":"https:\/\/www.borkesici.com.tr\/index.php?rest_route=\/wp\/v2\/types\/page"}],"author":[{"embeddable":true,"href":"https:\/\/www.borkesici.com.tr\/index.php?rest_route=\/wp\/v2\/users\/1"}],"replies":[{"embeddable":true,"href":"https:\/\/www.borkesici.com.tr\/index.php?rest_route=%2Fwp%2Fv2%2Fcomments&post=148"}],"version-history":[{"count":0,"href":"https:\/\/www.borkesici.com.tr\/index.php?rest_route=\/wp\/v2\/pages\/148\/revisions"}],"wp:featuredmedia":[{"embeddable":true,"href":"https:\/\/www.borkesici.com.tr\/index.php?rest_route=\/wp\/v2\/media\/90"}],"wp:attachment":[{"href":"https:\/\/www.borkesici.com.tr\/index.php?rest_route=%2Fwp%2Fv2%2Fmedia&parent=148"}],"curies":[{"name":"wp","href":"https:\/\/api.w.org\/{rel}","templated":true}]}}