{"id":32,"date":"2025-03-13T13:41:42","date_gmt":"2025-03-13T10:41:42","guid":{"rendered":"https:\/\/www.borkesici.com.tr\/?page_id=32"},"modified":"2025-05-26T16:21:31","modified_gmt":"2025-05-26T13:21:31","slug":"hakkinda","status":"publish","type":"page","link":"https:\/\/www.borkesici.com.tr\/?page_id=32","title":{"rendered":"Hakk\u0131m\u0131zda"},"content":{"rendered":"<div class=\"wp-block-cover alignfull\" style=\"min-height:320px;aspect-ratio:unset;\"><span aria-hidden=\"true\" class=\"wp-block-cover__background has-nv-site-bg-background-color has-background-dim-100 has-background-dim\"><\/span><div class=\"wp-block-cover__inner-container is-layout-flow wp-block-cover-is-layout-flow\"><div class=\"wp-block-group\" style=\"padding-right:var(--wp--preset--spacing--30);padding-left:var(--wp--preset--spacing--30)\"><div class=\"wp-block-group__inner-container is-layout-flow wp-block-group-is-layout-flow\"><h1 class=\"wp-block-heading has-text-align-left has-neve-text-color-color has-text-color\">Biz Kimiz?<\/h1><\/div><\/div><\/div><\/div><div class=\"wp-block-cover alignfull\" style=\"min-height:600px;aspect-ratio:unset;\"><span aria-hidden=\"true\" class=\"wp-block-cover__background has-nv-light-bg-background-color has-background-dim-100 has-background-dim\"><\/span><div class=\"wp-block-cover__inner-container is-layout-flow wp-block-cover-is-layout-flow\"><div class=\"wp-block-group\"><div class=\"wp-block-group__inner-container is-layout-flow wp-block-group-is-layout-flow\"><figure class=\"wp-block-image size-large is-resized is-style-rounded\"><img fetchpriority=\"high\" decoding=\"async\" width=\"1024\" height=\"363\" src=\"https:\/\/www.borkesici.com.tr\/wp-content\/uploads\/2025\/05\/HAKKIMIZDA-GORSEL-REVIZE-1024x363.jpg\" alt=\"\" class=\"wp-image-548\" style=\"width:1170px;height:auto\" srcset=\"https:\/\/www.borkesici.com.tr\/wp-content\/uploads\/2025\/05\/HAKKIMIZDA-GORSEL-REVIZE-1024x363.jpg 1024w, https:\/\/www.borkesici.com.tr\/wp-content\/uploads\/2025\/05\/HAKKIMIZDA-GORSEL-REVIZE-300x106.jpg 300w, https:\/\/www.borkesici.com.tr\/wp-content\/uploads\/2025\/05\/HAKKIMIZDA-GORSEL-REVIZE-768x273.jpg 768w, https:\/\/www.borkesici.com.tr\/wp-content\/uploads\/2025\/05\/HAKKIMIZDA-GORSEL-REVIZE-1536x545.jpg 1536w, https:\/\/www.borkesici.com.tr\/wp-content\/uploads\/2025\/05\/HAKKIMIZDA-GORSEL-REVIZE-600x213.jpg 600w, https:\/\/www.borkesici.com.tr\/wp-content\/uploads\/2025\/05\/HAKKIMIZDA-GORSEL-REVIZE.jpg 1550w\" sizes=\"(max-width: 1024px) 100vw, 1024px\" \/><\/figure>\n\n<div style=\"height:80px\" aria-hidden=\"true\" class=\"wp-block-spacer\"><\/div>\n\n<div class=\"wp-block-columns are-vertically-aligned-center has-neve-text-color-color has-text-color is-layout-flex wp-container-core-columns-is-layout-9d6595d7 wp-block-columns-is-layout-flex\"><div class=\"wp-block-column is-vertically-aligned-center is-layout-flow wp-block-column-is-layout-flow\" style=\"padding-top:0;padding-right:var(--wp--preset--spacing--30);padding-bottom:0;padding-left:var(--wp--preset--spacing--30);flex-basis:100%\"><h2 class=\"wp-block-heading has-neve-text-color-color has-text-color\">BOR KES\u0130C\u0130 Tak\u0131m,<\/h2>\n\n<p class=\"has-neve-text-color-color has-text-color\">2007 y\u0131l\u0131nda faaliyetlerine ba\u015flam\u0131\u015f olup, k\u00f6kl\u00fc tecr\u00fcbesi ve bilgi birikimiyle tala\u015fl\u0131 imalat sekt\u00f6r\u00fcne y\u00f6n veren firmalardan biridir. Kesici tak\u0131m \u00fcretiminde kalite ve yenili\u011fi \u00f6n planda tutarak, modern \u00fcretim tesislerinde y\u00fcksek hassasiyetle \u00f6zel ve standart tak\u0131mlar \u00fcretmektedir.<\/p>\n\n<p>\u00dcr\u00fcn yelpazemiz; Tornalama, Frezeleme, Delik \u0130\u015fleme tak\u0131mlar\u0131 ve Tak\u0131m Tutucular\u0131n yan\u0131 s\u0131ra, m\u00fc\u015fteri taleplerine g\u00f6re \u00f6zel par\u00e7a ba\u011flama sistemlerini de kapsamaktad\u0131r. Sekt\u00f6rdeki en g\u00fcncel teknolojileri takip eden firmam\u0131z, s\u00fcrd\u00fcr\u00fclebilir kalite anlay\u0131\u015f\u0131yla s\u00fcrekli iyile\u015ftirme ve yenilik\u00e7i yakla\u015f\u0131mlar\u0131 benimseyerek m\u00fc\u015fterilerine en iyi hizmeti sunmay\u0131 hedeflemektedir.<\/p>\n\n<p class=\"has-neve-text-color-color has-text-color\">BOR KES\u0130C\u0130 Tak\u0131m olarak, m\u00fc\u015fteri memnuniyetini ve y\u00fcksek verimlili\u011fi esas alarak, sekt\u00f6rde g\u00fcvenilir ve yenilik\u00e7i bir \u00e7\u00f6z\u00fcm orta\u011f\u0131 olmaya devam ediyoruz.<\/p><\/div><\/div>\n\n<div style=\"height:40px\" aria-hidden=\"true\" class=\"wp-block-spacer\"><\/div><\/div><\/div><\/div><\/div><p><\/p>","protected":false},"excerpt":{"rendered":"","protected":false},"author":1,"featured_media":90,"parent":0,"menu_order":0,"comment_status":"closed","ping_status":"closed","template":"","meta":{"neve_meta_sidebar":"","neve_meta_container":"","neve_meta_enable_content_width":"on","neve_meta_content_width":100,"neve_meta_title_alignment":"","neve_meta_author_avatar":"","neve_post_elements_order":"","neve_meta_disable_header":"","neve_meta_disable_footer":"","neve_meta_disable_title":"on","footnotes":""},"class_list":["post-32","page","type-page","status-publish","has-post-thumbnail","hentry"],"_links":{"self":[{"href":"https:\/\/www.borkesici.com.tr\/index.php?rest_route=\/wp\/v2\/pages\/32","targetHints":{"allow":["GET"]}}],"collection":[{"href":"https:\/\/www.borkesici.com.tr\/index.php?rest_route=\/wp\/v2\/pages"}],"about":[{"href":"https:\/\/www.borkesici.com.tr\/index.php?rest_route=\/wp\/v2\/types\/page"}],"author":[{"embeddable":true,"href":"https:\/\/www.borkesici.com.tr\/index.php?rest_route=\/wp\/v2\/users\/1"}],"replies":[{"embeddable":true,"href":"https:\/\/www.borkesici.com.tr\/index.php?rest_route=%2Fwp%2Fv2%2Fcomments&post=32"}],"version-history":[{"count":4,"href":"https:\/\/www.borkesici.com.tr\/index.php?rest_route=\/wp\/v2\/pages\/32\/revisions"}],"predecessor-version":[{"id":720,"href":"https:\/\/www.borkesici.com.tr\/index.php?rest_route=\/wp\/v2\/pages\/32\/revisions\/720"}],"wp:featuredmedia":[{"embeddable":true,"href":"https:\/\/www.borkesici.com.tr\/index.php?rest_route=\/wp\/v2\/media\/90"}],"wp:attachment":[{"href":"https:\/\/www.borkesici.com.tr\/index.php?rest_route=%2Fwp%2Fv2%2Fmedia&parent=32"}],"curies":[{"name":"wp","href":"https:\/\/api.w.org\/{rel}","templated":true}]}}