{"id":99,"date":"2025-03-14T10:21:09","date_gmt":"2025-03-14T07:21:09","guid":{"rendered":"https:\/\/www.borkesici.com.tr\/?page_id=99"},"modified":"2025-03-26T13:35:45","modified_gmt":"2025-03-26T10:35:45","slug":"misyon","status":"publish","type":"page","link":"https:\/\/www.borkesici.com.tr\/?page_id=99","title":{"rendered":"Misyon"},"content":{"rendered":"<div class=\"wp-block-cover alignfull\" style=\"min-height:320px;aspect-ratio:unset;\"><span aria-hidden=\"true\" class=\"wp-block-cover__background has-nv-site-bg-background-color has-background-dim-100 has-background-dim\"><\/span><div class=\"wp-block-cover__inner-container is-layout-flow wp-block-cover-is-layout-flow\"><div class=\"wp-block-group\" style=\"padding-right:var(--wp--preset--spacing--30);padding-left:var(--wp--preset--spacing--30)\"><div class=\"wp-block-group__inner-container is-layout-flow wp-block-group-is-layout-flow\"><h1 class=\"wp-block-heading has-text-align-left has-neve-text-color-color has-text-color\">Misyonumuz<\/h1><\/div><\/div><\/div><\/div><div class=\"wp-block-cover alignfull\" style=\"min-height:600px;aspect-ratio:unset;\"><span aria-hidden=\"true\" class=\"wp-block-cover__background has-nv-light-bg-background-color has-background-dim-100 has-background-dim\"><\/span><div class=\"wp-block-cover__inner-container is-layout-flow wp-block-cover-is-layout-flow\"><div class=\"wp-block-group\"><div class=\"wp-block-group__inner-container is-layout-flow wp-block-group-is-layout-flow\"><figure class=\"wp-block-image size-large is-resized is-style-rounded\"><img fetchpriority=\"high\" decoding=\"async\" width=\"1024\" height=\"388\" src=\"https:\/\/www.borkesici.com.tr\/wp-content\/uploads\/2025\/03\/misyon-1024x388.jpg\" alt=\"\" class=\"wp-image-100\" style=\"width:1170px;height:auto\" srcset=\"https:\/\/www.borkesici.com.tr\/wp-content\/uploads\/2025\/03\/misyon-1024x388.jpg 1024w, https:\/\/www.borkesici.com.tr\/wp-content\/uploads\/2025\/03\/misyon-600x227.jpg 600w, https:\/\/www.borkesici.com.tr\/wp-content\/uploads\/2025\/03\/misyon-300x114.jpg 300w, https:\/\/www.borkesici.com.tr\/wp-content\/uploads\/2025\/03\/misyon-768x291.jpg 768w, https:\/\/www.borkesici.com.tr\/wp-content\/uploads\/2025\/03\/misyon-1536x582.jpg 1536w, https:\/\/www.borkesici.com.tr\/wp-content\/uploads\/2025\/03\/misyon.jpg 1574w\" sizes=\"(max-width: 1024px) 100vw, 1024px\" \/><\/figure>\n\n<div style=\"height:80px\" aria-hidden=\"true\" class=\"wp-block-spacer\"><\/div>\n\n<div class=\"wp-block-columns are-vertically-aligned-center has-neve-text-color-color has-text-color is-layout-flex wp-container-core-columns-is-layout-9d6595d7 wp-block-columns-is-layout-flex\"><div class=\"wp-block-column is-vertically-aligned-center is-layout-flow wp-block-column-is-layout-flow\" style=\"padding-top:0;padding-right:var(--wp--preset--spacing--30);padding-bottom:0;padding-left:var(--wp--preset--spacing--30);flex-basis:100%\"><p class=\"has-neve-text-color-color has-text-color\">BOR KES\u0130C\u0130 Tak\u0131m olarak, tala\u015fl\u0131 imalat sekt\u00f6r\u00fcnde yenilik\u00e7i, y\u00fcksek performansl\u0131 ve g\u00fcvenilir kesici tak\u0131mlar \u00fcretme vizyonumuza ula\u015fmak i\u00e7in, i\u015f s\u00fcre\u00e7lerimizi s\u00fcrekli geli\u015ftirmekte ve iyile\u015ftirmekteyiz. G\u00fcnl\u00fck \u00e7al\u0131\u015fmalar\u0131m\u0131zda kaliteyi, verimlili\u011fi ve m\u00fc\u015fteri memnuniyetini en \u00fcst seviyede tutarak, sekt\u00f6re y\u00f6n veren \u00e7\u00f6z\u00fcmler sunmay\u0131 ama\u00e7l\u0131yoruz.<\/p>\n\n<p>Bu do\u011frultuda;<br>Teknoloji ve Ar-Ge yat\u0131r\u0131mlar\u0131yla, \u00fcretim s\u00fcre\u00e7lerimizi optimize ederek, yenilik\u00e7i ve y\u00fcksek kaliteli \u00fcr\u00fcnler geli\u015ftirmekteyiz.<\/p>\n\n<p>S\u00fcrekli iyile\u015ftirme anlay\u0131\u015f\u0131yla, m\u00fc\u015fteri geri bildirimlerini dikkate alarak, ihtiya\u00e7lara \u00f6zel \u00e7\u00f6z\u00fcmler \u00fcretmekteyiz.<\/p>\n\n<p>\u00c7al\u0131\u015fan geli\u015fimini destekleyerek, e\u011fitim programlar\u0131 ve teknik bilgi payla\u015f\u0131m\u0131yla ekip arkada\u015flar\u0131m\u0131z\u0131n yetkinliklerini art\u0131rmakta ve sekt\u00f6rde fark yaratan bir ekip olu\u015fturmaktay\u0131z.<\/p>\n\n<p>Etik de\u011ferlere ve i\u015f ahlak\u0131na ba\u011fl\u0131 kalarak, g\u00fcvenilir, sayg\u0131l\u0131 ve sorumluluk sahibi bir i\u015f k\u00fclt\u00fcr\u00fc olu\u015fturmakta, i\u015f ortaklar\u0131m\u0131zla g\u00fc\u00e7l\u00fc ve s\u00fcrd\u00fcr\u00fclebilir ili\u015fkiler kurmaktay\u0131z.<\/p>\n\n<p>\u00c7evreye ve s\u00fcrd\u00fcr\u00fclebilir \u00fcretime \u00f6nem vererek, kaynaklar\u0131 verimli kullan\u0131p, gelece\u011fe duyarl\u0131 \u00fcretim modelleri benimsemekteyiz.<\/p>\n\n<p class=\"has-neve-text-color-color has-text-color\">Bu prensiplerle \u00e7al\u0131\u015farak, hem m\u00fc\u015fterilerimize hem de sekt\u00f6r\u00fcm\u00fcze de\u011fer katmaya devam ediyor, gelece\u011fin \u00fcretim teknolojilerine y\u00f6n verme hedefimize ad\u0131m ad\u0131m&nbsp;ilerliyoruz.<\/p>\n\n<p class=\"has-neve-text-color-color has-text-color\"><\/p>\n\n<p class=\"has-neve-text-color-color has-text-color\"><\/p><\/div><\/div>\n\n<div style=\"height:40px\" aria-hidden=\"true\" class=\"wp-block-spacer\"><\/div><\/div><\/div><\/div><\/div><p><\/p>","protected":false},"excerpt":{"rendered":"","protected":false},"author":1,"featured_media":90,"parent":0,"menu_order":0,"comment_status":"closed","ping_status":"closed","template":"","meta":{"neve_meta_sidebar":"","neve_meta_container":"","neve_meta_enable_content_width":"on","neve_meta_content_width":100,"neve_meta_title_alignment":"","neve_meta_author_avatar":"","neve_post_elements_order":"","neve_meta_disable_header":"","neve_meta_disable_footer":"","neve_meta_disable_title":"on","footnotes":""},"class_list":["post-99","page","type-page","status-publish","has-post-thumbnail","hentry"],"_links":{"self":[{"href":"https:\/\/www.borkesici.com.tr\/index.php?rest_route=\/wp\/v2\/pages\/99","targetHints":{"allow":["GET"]}}],"collection":[{"href":"https:\/\/www.borkesici.com.tr\/index.php?rest_route=\/wp\/v2\/pages"}],"about":[{"href":"https:\/\/www.borkesici.com.tr\/index.php?rest_route=\/wp\/v2\/types\/page"}],"author":[{"embeddable":true,"href":"https:\/\/www.borkesici.com.tr\/index.php?rest_route=\/wp\/v2\/users\/1"}],"replies":[{"embeddable":true,"href":"https:\/\/www.borkesici.com.tr\/index.php?rest_route=%2Fwp%2Fv2%2Fcomments&post=99"}],"version-history":[{"count":0,"href":"https:\/\/www.borkesici.com.tr\/index.php?rest_route=\/wp\/v2\/pages\/99\/revisions"}],"wp:featuredmedia":[{"embeddable":true,"href":"https:\/\/www.borkesici.com.tr\/index.php?rest_route=\/wp\/v2\/media\/90"}],"wp:attachment":[{"href":"https:\/\/www.borkesici.com.tr\/index.php?rest_route=%2Fwp%2Fv2%2Fmedia&parent=99"}],"curies":[{"name":"wp","href":"https:\/\/api.w.org\/{rel}","templated":true}]}}